{"id":7005,"date":"2019-01-23T12:04:22","date_gmt":"2019-01-23T12:04:22","guid":{"rendered":"https:\/\/hotellikajaani.fi\/register-and-privacy-policy\/"},"modified":"2023-09-21T12:54:59","modified_gmt":"2023-09-21T12:54:59","slug":"register-and-privacy-policy","status":"publish","type":"page","link":"https:\/\/hotellikajaani.fi\/en\/register-and-privacy-policy\/","title":{"rendered":"Register and Privacy Policy"},"content":{"rendered":"<div data-colibri-id=\"393-c1\" class=\"style-1351 style-local-393-c1 position-relative\">\n  <!----><\/p>\n<div data-colibri-component=\"section\" data-colibri-id=\"393-c6\" id=\"blank\" class=\"h-section h-section-global-spacing d-flex align-items-lg-center align-items-md-center align-items-center style-1356 style-local-393-c6 position-relative\">\n    <!----><br \/>\n    <!----><\/p>\n<div class=\"h-section-grid-container h-section-boxed-container\">\n      <!----><\/p>\n<div data-colibri-id=\"393-c7\" class=\"h-row-container gutters-row-lg-2 gutters-row-md-2 gutters-row-0 gutters-row-v-lg-2 gutters-row-v-md-2 gutters-row-v-2 style-1357 style-local-393-c7 position-relative\">\n        <!----><\/p>\n<div class=\"h-row justify-content-lg-center justify-content-md-center justify-content-center align-items-lg-stretch align-items-md-stretch align-items-stretch gutters-col-lg-2 gutters-col-md-2 gutters-col-0 gutters-col-v-lg-2 gutters-col-v-md-2 gutters-col-v-2\">\n          <!----><\/p>\n<div class=\"h-column h-column-container d-flex h-col-lg-auto h-col-md-auto h-col-auto style-1358-outer style-local-393-c8-outer\">\n<div data-colibri-id=\"393-c8\" class=\"d-flex h-flex-basis h-column__inner h-px-lg-2 h-px-md-2 h-px-2 v-inner-lg-2 v-inner-md-2 v-inner-2 style-1358 style-local-393-c8 position-relative\">\n              <!----><br \/>\n              <!----><\/p>\n<div class=\"w-100 h-y-container h-column__content h-column__v-align flex-basis-100 align-self-lg-start align-self-md-start align-self-start\">\n                <!----><\/p>\n<div data-colibri-id=\"393-c14\" class=\"h-text h-text-component style-1364 style-local-393-c14 position-relative h-element\">\n                  <!----><br \/>\n                  <!----><\/p>\n<div class=\"\">\n<p><span style=\"color: rgb(0, 0, 0);\">This is the register and data protection policy of Hotel Kajaanin Kuukkeli Oy in accordance with the EU General Data Protection Regulation (GDPR). Completed 9.5.2023<\/span><\/p>\n<p><strong style=\"color: rgb(0, 0, 0);\">1. The controller<\/strong><\/p>\n<p><strong style=\"color: rgb(0, 0, 0);\">Hotel Kajaanin Kuukkeli Oy<\/strong><span style=\"color: rgb(0, 0, 0);\"><br \/>Onnelantie 1, 87100 Kajaani<br \/>Business ID: 2751528-2<br \/>Tel. 041 730 1452<\/span><\/p>\n<p><strong style=\"color: rgb(0, 0, 0);\">2. Contact person responsible for the register<\/strong><\/p>\n<p><span style=\"color: rgb(0, 0, 0);\">Managing Director<br \/>Raija Eskola-Valli<br \/><\/span><br \/>\n                      <a href=\"mailto:raija.eskola-valli@hotellipohjankievari.fi\" style=\"color: rgb(0, 0, 0);\">raija.eskola-valli@hotellipohjankievari.fi<\/a>\n                    <\/p>\n<p><strong style=\"color: rgb(0, 0, 0);\">3. Name of the register<\/strong><\/p>\n<p><span style=\"color: rgb(0, 0, 0);\">User data register of the Hotel Kajaani website.<\/span><\/p>\n<p><strong style=\"color: rgb(0, 0, 0);\">4. Purpose of processing personal data<\/strong><\/p>\n<p><span style=\"color: rgb(0, 0, 0);\">The legal basis for processing personal data under the EU General Data Protection Regulation is the consent of the individual and the legitimate interest of the controller. The data subject will be asked for consent to the processing of the data.<\/span><\/p>\n<p><span style=\"color: rgb(0, 0, 0);\">The purpose of processing personal data is to contact customers, maintain customer relations and marketing.<\/span><\/p>\n<p><span style=\"color: rgb(0, 0, 0);\">The data will not be used for automated decision-making or profiling.<\/span><\/p>\n<p><strong style=\"color: rgb(0, 0, 0);\">5. Data content of the register<\/strong><\/p>\n<p><span style=\"color: rgb(0, 0, 0);\">The information stored in the register includes: contact details, name, company, website addresses, IP address of the network connection, information about the services ordered and other information affecting the customer relationship.<\/span><\/p>\n<p><span style=\"color: rgb(0, 0, 0);\">The IP addresses of visitors to the website and the cookies necessary for the functioning of the service are processed for legitimate interests, such as ensuring data security and collecting statistics on visitors to the website in cases where they can be considered as personal data. Third party cookies will be subject to separate consent where necessary.<\/span><\/p>\n<p><strong style=\"color: rgb(0, 0, 0);\">6. Regular sources of information<\/strong><\/p>\n<p><span style=\"color: rgb(0, 0, 0);\">The information stored in the register is obtained from the customer through, for example, messages sent via web forms, email, telephone, social media services, contracts, customer meetings and other situations where the customer discloses their information.<\/span><\/p>\n<p><span style=\"color: rgb(0, 0, 0);\">Information on contact persons of businesses and other organisations may also be collected from public sources such as websites, directory services and other businesses.<\/span><\/p>\n<p><strong style=\"color: rgb(0, 0, 0);\">7. Regular disclosures and transfers of data outside the EU or EEA<\/strong><\/p>\n<p><span style=\"color: rgb(0, 0, 0);\">Data is not regularly disclosed to other parties. Information may be published to the extent agreed with the customer.<\/span><\/p>\n<p><span style=\"color: rgb(0, 0, 0);\">Data may also be transferred outside the EU or EEA by the controller. Data will not be transferred to the United States without the express consent of the data subjects.<\/span><\/p>\n<p><strong style=\"color: rgb(0, 0, 0);\">8. Principles of register protection<\/strong><\/p>\n<p><span style=\"color: rgb(0, 0, 0);\">The register is processed with due care and the data processed by the information systems are adequately protected. When the data is stored on internet servers, the physical and digital security of the hardware is adequately ensured. The controller shall ensure that stored data, server access rights and other information critical to the security of personal data are treated confidentially and only by employees whose job description includes this.<\/span><\/p>\n<p><strong style=\"color: rgb(0, 0, 0);\">9. Right of inspection and right to request correction of information<\/strong><\/p>\n<p><span style=\"color: rgb(0, 0, 0);\">Every person in the register has the right to check the information stored in the register and to request that any inaccurate or incomplete information be corrected or completed. If a person wishes to check the data stored about him or her or to request a correction, the request must be sent in writing to the controller. The controller may, if necessary, ask the applicant to prove his or her identity. The controller will respond to the customer within the time limit set by the EU General Data Protection Regulation (usually within one month).<\/span><\/p>\n<p><strong style=\"color: rgb(0, 0, 0);\">10. Other rights relating to the processing of personal data<\/strong><\/p>\n<p><span style=\"color: rgb(0, 0, 0);\">A person in the register has the right to request the erasure of personal data concerning him or her from the register (&#8220;right to be forgotten&#8221;). Similarly, registrants have other&nbsp;<\/span><br \/>\n                      <a href=\"http:\/\/eur-lex.europa.eu\/legal-content\/FI\/TXT?uri=CELEX%3A32016R0679#d1e2144-1-1\" rel=\"noreferrer noopener\" target=\"_blank\" class=\"customize-unpreviewable\" style=\"color: rgb(0, 0, 0);\"><strong>Rights under the EU General Data Protection Regulation<\/strong><\/a><span style=\"color: rgb(0, 0, 0);\">&nbsp;such as limiting the processing of personal data in certain situations. Requests should be sent in writing to the controller. The controller may, if necessary, ask the applicant to prove his or her identity. The controller will respond to the customer within the time limit set by the EU General Data Protection Regulation (usually within one month).<\/span><\/p>\n<p><strong style=\"color: rgb(0, 0, 0);\">11. Cookie policy and cookies on our website<\/strong><\/p>\n<p><span style=\"color: rgb(0, 0, 0);\">A cookie is a small text file that is stored on a user&#8217;s computer when someone visits a website. Cookies do not contain any personal data and cannot be used, for example, to run programs.<\/span><\/p>\n<p><span style=\"color: rgb(0, 0, 0);\">We use cookies for a variety of purposes related to the functionality, analysis and marketing of the site.<\/span><\/p>\n<p><span style=\"color: rgb(0, 0, 0);\">Our website is created using the WordPress content management system, which does not collect cookies from visitors. Only information from logged-in users is collected to facilitate content editing, for example, the time zone of the logged-in user is stored.<\/span><\/p>\n<p><span style=\"color: rgb(0, 0, 0);\">We use Google Analytics to monitor the website. The purpose of tracking is to collect statistical information such as the number of visitors to the site and the most popular content.<\/span><\/p>\n<p><span style=\"color: rgb(0, 0, 0);\">For more information about Google cookies, please read&nbsp;<\/span><br \/>\n                      <a href=\"https:\/\/www.google.com\/policies\/technologies\/cookies\" rel=\"noreferrer noopener\" target=\"_blank\" class=\"customize-unpreviewable\" style=\"color: rgb(0, 0, 0);\">from this link<\/a><span style=\"color: rgb(0, 0, 0);\">. Cookie information helps us to improve the functionality and usability of our website.<\/span><\/p>\n<p><strong style=\"color: rgb(0, 0, 0);\">Disabling cookies in your browser<\/strong><\/p>\n<p><span style=\"color: rgb(0, 0, 0);\">We do not recommend this, but if you want to block cookies, change your browser&#8217;s cookie settings. If you refuse cookies, your user experience may be impaired and some website functions may no longer work at all.<\/span><\/p>\n<p><span style=\"color: rgb(0, 0, 0);\">For more information on how to manage cookies in your browser, please visit.&nbsp;<\/span><br \/>\n                      <a href=\"https:\/\/www.cookiesandyou.com\/disable-cookies\" rel=\"noreferrer noopener\" target=\"_blank\" class=\"customize-unpreviewable\" style=\"color: rgb(0, 0, 0);\"><strong>from this link<\/strong><\/a><span style=\"color: rgb(0, 0, 0);\">. If you block the use of cookies in your browser software, your device will not be tracked when you visit the site. Please note, however, that by blocking the use of cookies, you may also be preventing the use of some features of the site.<\/span><\/p>\n<\/p><\/div>\n<\/p><\/div>\n<\/p><\/div>\n<\/p><\/div>\n<\/p><\/div>\n<\/p><\/div>\n<\/p><\/div>\n<\/p><\/div>\n<\/p><\/div>\n<\/div>\n","protected":false},"excerpt":{"rendered":"<p>This is the register and data protection policy of Hotel Kajaanin Kuukkeli Oy in accordance with the EU General Data Protection Regulation (GDPR). Completed 9.5.2023 1. The controller Hotel Kajaanin Kuukkeli OyOnnelantie 1, 87100 KajaaniBusiness ID: 2751528-2Tel. 041 730 1452 2. Contact person responsible for the register Managing DirectorRaija Eskola-Valli raija.eskola-valli@hotellipohjankievari.fi 3. Name of the [&hellip;]<\/p>\n","protected":false},"author":1,"featured_media":0,"parent":0,"menu_order":0,"comment_status":"closed","ping_status":"closed","template":"page-templates\/full-width-page.php","meta":{"footnotes":""},"class_list":["post-7005","page","type-page","status-publish","hentry"],"yoast_head":"<!-- This site is optimized with the Yoast SEO plugin v27.4 - https:\/\/yoast.com\/product\/yoast-seo-wordpress\/ -->\n<title>Register and Privacy Policy - Hotelli Kajaani<\/title>\n<meta name=\"description\" content=\"Register and Privacy Policy - Hotel Kajaani\" \/>\n<meta name=\"robots\" content=\"index, follow, max-snippet:-1, max-image-preview:large, max-video-preview:-1\" \/>\n<link rel=\"canonical\" href=\"https:\/\/hotellikajaani.fi\/en\/register-and-privacy-policy\/\" \/>\n<meta property=\"og:locale\" content=\"en_US\" \/>\n<meta property=\"og:type\" content=\"article\" \/>\n<meta property=\"og:title\" content=\"Register and Privacy Policy - Hotelli Kajaani\" \/>\n<meta property=\"og:description\" content=\"Register and Privacy Policy - Hotel Kajaani\" \/>\n<meta property=\"og:url\" content=\"https:\/\/hotellikajaani.fi\/en\/register-and-privacy-policy\/\" \/>\n<meta property=\"og:site_name\" content=\"Hotelli Kajaani\" \/>\n<meta property=\"article:modified_time\" content=\"2023-09-21T12:54:59+00:00\" \/>\n<meta name=\"twitter:card\" content=\"summary_large_image\" \/>\n<meta name=\"twitter:label1\" content=\"Est. reading time\" \/>\n\t<meta name=\"twitter:data1\" content=\"4 minutes\" \/>\n<script type=\"application\/ld+json\" class=\"yoast-schema-graph\">{\"@context\":\"https:\\\/\\\/schema.org\",\"@graph\":[{\"@type\":\"WebPage\",\"@id\":\"https:\\\/\\\/hotellikajaani.fi\\\/en\\\/register-and-privacy-policy\\\/\",\"url\":\"https:\\\/\\\/hotellikajaani.fi\\\/en\\\/register-and-privacy-policy\\\/\",\"name\":\"Register and Privacy Policy - Hotelli Kajaani\",\"isPartOf\":{\"@id\":\"https:\\\/\\\/hotellikajaani.fi\\\/#website\"},\"datePublished\":\"2019-01-23T12:04:22+00:00\",\"dateModified\":\"2023-09-21T12:54:59+00:00\",\"description\":\"Register and Privacy Policy - Hotel Kajaani\",\"breadcrumb\":{\"@id\":\"https:\\\/\\\/hotellikajaani.fi\\\/en\\\/register-and-privacy-policy\\\/#breadcrumb\"},\"inLanguage\":\"en-US\",\"potentialAction\":[{\"@type\":\"ReadAction\",\"target\":[\"https:\\\/\\\/hotellikajaani.fi\\\/en\\\/register-and-privacy-policy\\\/\"]}]},{\"@type\":\"BreadcrumbList\",\"@id\":\"https:\\\/\\\/hotellikajaani.fi\\\/en\\\/register-and-privacy-policy\\\/#breadcrumb\",\"itemListElement\":[{\"@type\":\"ListItem\",\"position\":1,\"name\":\"Etusivu\",\"item\":\"https:\\\/\\\/hotellikajaani.fi\\\/en\\\/\"},{\"@type\":\"ListItem\",\"position\":2,\"name\":\"Register and Privacy Policy\"}]},{\"@type\":\"WebSite\",\"@id\":\"https:\\\/\\\/hotellikajaani.fi\\\/#website\",\"url\":\"https:\\\/\\\/hotellikajaani.fi\\\/\",\"name\":\"Hotelli Kajaani\",\"description\":\"Pohjoisen l\u00e4mp\u00f6\u00e4 Hotelli Kajaanissa. Kajaanin oma nimikkohotelli palvelee ty\u00f6- ja vapaa-ajan matkustajia rauhoittavien luontomaisemien \u00e4\u00e4rell\u00e4.\",\"publisher\":{\"@id\":\"https:\\\/\\\/hotellikajaani.fi\\\/#organization\"},\"potentialAction\":[{\"@type\":\"SearchAction\",\"target\":{\"@type\":\"EntryPoint\",\"urlTemplate\":\"https:\\\/\\\/hotellikajaani.fi\\\/?s={search_term_string}\"},\"query-input\":{\"@type\":\"PropertyValueSpecification\",\"valueRequired\":true,\"valueName\":\"search_term_string\"}}],\"inLanguage\":\"en-US\"},{\"@type\":\"Organization\",\"@id\":\"https:\\\/\\\/hotellikajaani.fi\\\/#organization\",\"name\":\"Hotelli Kajaani\",\"url\":\"https:\\\/\\\/hotellikajaani.fi\\\/\",\"logo\":{\"@type\":\"ImageObject\",\"inLanguage\":\"en-US\",\"@id\":\"https:\\\/\\\/hotellikajaani.fi\\\/#\\\/schema\\\/logo\\\/image\\\/\",\"url\":\"https:\\\/\\\/hotellikajaani.fi\\\/wp-content\\\/uploads\\\/2023\\\/03\\\/logo_valk.png\",\"contentUrl\":\"https:\\\/\\\/hotellikajaani.fi\\\/wp-content\\\/uploads\\\/2023\\\/03\\\/logo_valk.png\",\"width\":1233,\"height\":229,\"caption\":\"Hotelli Kajaani\"},\"image\":{\"@id\":\"https:\\\/\\\/hotellikajaani.fi\\\/#\\\/schema\\\/logo\\\/image\\\/\"}}]}<\/script>\n<!-- \/ Yoast SEO plugin. -->","yoast_head_json":{"title":"Register and Privacy Policy - Hotelli Kajaani","description":"Register and Privacy Policy - Hotel Kajaani","robots":{"index":"index","follow":"follow","max-snippet":"max-snippet:-1","max-image-preview":"max-image-preview:large","max-video-preview":"max-video-preview:-1"},"canonical":"https:\/\/hotellikajaani.fi\/en\/register-and-privacy-policy\/","og_locale":"en_US","og_type":"article","og_title":"Register and Privacy Policy - Hotelli Kajaani","og_description":"Register and Privacy Policy - Hotel Kajaani","og_url":"https:\/\/hotellikajaani.fi\/en\/register-and-privacy-policy\/","og_site_name":"Hotelli Kajaani","article_modified_time":"2023-09-21T12:54:59+00:00","twitter_card":"summary_large_image","twitter_misc":{"Est. reading time":"4 minutes"},"schema":{"@context":"https:\/\/schema.org","@graph":[{"@type":"WebPage","@id":"https:\/\/hotellikajaani.fi\/en\/register-and-privacy-policy\/","url":"https:\/\/hotellikajaani.fi\/en\/register-and-privacy-policy\/","name":"Register and Privacy Policy - Hotelli Kajaani","isPartOf":{"@id":"https:\/\/hotellikajaani.fi\/#website"},"datePublished":"2019-01-23T12:04:22+00:00","dateModified":"2023-09-21T12:54:59+00:00","description":"Register and Privacy Policy - Hotel Kajaani","breadcrumb":{"@id":"https:\/\/hotellikajaani.fi\/en\/register-and-privacy-policy\/#breadcrumb"},"inLanguage":"en-US","potentialAction":[{"@type":"ReadAction","target":["https:\/\/hotellikajaani.fi\/en\/register-and-privacy-policy\/"]}]},{"@type":"BreadcrumbList","@id":"https:\/\/hotellikajaani.fi\/en\/register-and-privacy-policy\/#breadcrumb","itemListElement":[{"@type":"ListItem","position":1,"name":"Etusivu","item":"https:\/\/hotellikajaani.fi\/en\/"},{"@type":"ListItem","position":2,"name":"Register and Privacy Policy"}]},{"@type":"WebSite","@id":"https:\/\/hotellikajaani.fi\/#website","url":"https:\/\/hotellikajaani.fi\/","name":"Hotelli Kajaani","description":"Pohjoisen l\u00e4mp\u00f6\u00e4 Hotelli Kajaanissa. Kajaanin oma nimikkohotelli palvelee ty\u00f6- ja vapaa-ajan matkustajia rauhoittavien luontomaisemien \u00e4\u00e4rell\u00e4.","publisher":{"@id":"https:\/\/hotellikajaani.fi\/#organization"},"potentialAction":[{"@type":"SearchAction","target":{"@type":"EntryPoint","urlTemplate":"https:\/\/hotellikajaani.fi\/?s={search_term_string}"},"query-input":{"@type":"PropertyValueSpecification","valueRequired":true,"valueName":"search_term_string"}}],"inLanguage":"en-US"},{"@type":"Organization","@id":"https:\/\/hotellikajaani.fi\/#organization","name":"Hotelli Kajaani","url":"https:\/\/hotellikajaani.fi\/","logo":{"@type":"ImageObject","inLanguage":"en-US","@id":"https:\/\/hotellikajaani.fi\/#\/schema\/logo\/image\/","url":"https:\/\/hotellikajaani.fi\/wp-content\/uploads\/2023\/03\/logo_valk.png","contentUrl":"https:\/\/hotellikajaani.fi\/wp-content\/uploads\/2023\/03\/logo_valk.png","width":1233,"height":229,"caption":"Hotelli Kajaani"},"image":{"@id":"https:\/\/hotellikajaani.fi\/#\/schema\/logo\/image\/"}}]}},"_links":{"self":[{"href":"https:\/\/hotellikajaani.fi\/en\/wp-json\/wp\/v2\/pages\/7005","targetHints":{"allow":["GET"]}}],"collection":[{"href":"https:\/\/hotellikajaani.fi\/en\/wp-json\/wp\/v2\/pages"}],"about":[{"href":"https:\/\/hotellikajaani.fi\/en\/wp-json\/wp\/v2\/types\/page"}],"author":[{"embeddable":true,"href":"https:\/\/hotellikajaani.fi\/en\/wp-json\/wp\/v2\/users\/1"}],"replies":[{"embeddable":true,"href":"https:\/\/hotellikajaani.fi\/en\/wp-json\/wp\/v2\/comments?post=7005"}],"version-history":[{"count":1,"href":"https:\/\/hotellikajaani.fi\/en\/wp-json\/wp\/v2\/pages\/7005\/revisions"}],"predecessor-version":[{"id":7017,"href":"https:\/\/hotellikajaani.fi\/en\/wp-json\/wp\/v2\/pages\/7005\/revisions\/7017"}],"wp:attachment":[{"href":"https:\/\/hotellikajaani.fi\/en\/wp-json\/wp\/v2\/media?parent=7005"}],"curies":[{"name":"wp","href":"https:\/\/api.w.org\/{rel}","templated":true}]}}