{"id":7003,"date":"2023-03-14T13:50:28","date_gmt":"2023-03-14T13:50:28","guid":{"rendered":"https:\/\/hotellikajaani.fi\/sports-teams\/"},"modified":"2025-11-06T17:15:52","modified_gmt":"2025-11-06T17:15:52","slug":"sports-teams","status":"publish","type":"page","link":"https:\/\/hotellikajaani.fi\/en\/sports-teams\/","title":{"rendered":"Sports teams"},"content":{"rendered":"<div data-colibri-id=\"7003-c1\" class=\"style-1708 style-local-7003-c1 position-relative\">\n  <!---->\n  <div data-colibri-component=\"section\" data-colibri-id=\"7003-c2\" id=\"custom\" class=\"h-section h-section-global-spacing d-flex align-items-lg-center align-items-md-center align-items-center style-1713 style-local-7003-c2 position-relative\">\n    <!---->\n    <!---->\n    <div class=\"h-section-grid-container h-section-boxed-container\">\n      <!---->\n      <div data-colibri-id=\"7003-c3\" class=\"h-row-container gutters-row-lg-2 gutters-row-md-2 gutters-row-0 gutters-row-v-lg-2 gutters-row-v-md-2 gutters-row-v-2 style-1714 style-local-7003-c3 position-relative\">\n        <!---->\n        <div class=\"h-row justify-content-lg-center justify-content-md-center justify-content-center align-items-lg-stretch align-items-md-stretch align-items-stretch gutters-col-lg-2 gutters-col-md-2 gutters-col-0 gutters-col-v-lg-2 gutters-col-v-md-2 gutters-col-v-2\">\n          <!---->\n          <div class=\"h-column h-column-container d-flex h-col-lg-auto h-col-md-auto h-col-auto style-1715-outer style-local-7003-c4-outer\">\n            <div data-colibri-id=\"7003-c4\" class=\"d-flex h-flex-basis h-column__inner h-ui-empty-state-container h-px-lg-2 h-px-md-2 h-px-2 v-inner-lg-2 v-inner-md-2 v-inner-2 style-1715 style-local-7003-c4 position-relative\">\n              <!---->\n              <!---->\n              <div class=\"w-100 h-y-container h-column__content h-column__v-align flex-basis-100\">\n                <!---->\n              <\/div>\n            <\/div>\n          <\/div>\n        <\/div>\n      <\/div>\n    <\/div>\n  <\/div>\n  <div data-colibri-component=\"section\" data-colibri-id=\"7003-c5\" id=\"about\" class=\"h-section h-section-global-spacing d-flex align-items-lg-center align-items-md-center align-items-center style-1716 style-local-7003-c5 position-relative\">\n    <!---->\n    <!---->\n    <div class=\"h-section-grid-container h-section-boxed-container\">\n      <!---->\n      <div data-colibri-id=\"7003-c6\" class=\"h-row-container gutters-row-lg-0 gutters-row-md-0 gutters-row-0 gutters-row-v-lg-0 gutters-row-v-md-0 gutters-row-v-0 style-1717 style-local-7003-c6 position-relative\">\n        <!---->\n        <div class=\"h-row justify-content-lg-center justify-content-md-center justify-content-center align-items-lg-stretch align-items-md-stretch align-items-stretch gutters-col-lg-0 gutters-col-md-0 gutters-col-0 gutters-col-v-lg-0 gutters-col-v-md-0 gutters-col-v-0\">\n          <!---->\n          <div class=\"h-column h-column-container d-flex h-col-lg-auto h-col-md-auto h-col-auto style-1718-outer style-local-7003-c7-outer\">\n            <div data-colibri-id=\"7003-c7\" class=\"d-flex h-flex-basis h-column__inner h-px-lg-0 h-px-md-0 h-px-0 v-inner-lg-0 v-inner-md-0 v-inner-0 style-1718 style-local-7003-c7 position-relative\">\n              <!---->\n              <!---->\n              <div class=\"w-100 h-y-container h-column__content h-column__v-align flex-basis-100 align-self-lg-start align-self-md-start align-self-start\">\n                <!---->\n                <div data-colibri-id=\"7003-c8\" class=\"h-global-transition-all h-heading style-1720 style-local-7003-c8 position-relative h-element\">\n                  <!---->\n                  <div class=\"h-heading__outer style-1720 style-local-7003-c8\">\n                    <!---->\n                    <!---->\n                    <h2 class=\"\">Offer for sports groups over 10 persons \/ night<\/h2>\n                  <\/div>\n                <\/div>\n                <div data-colibri-id=\"7003-c9\" class=\"h-text h-text-component style-1721 style-local-7003-c9 position-relative h-element\">\n                  <!---->\n                  <!---->\n                  <div class=\"\">\n                    <p>Prices include accommodation, a hearty breakfast, evening sauna, internet access and parking for vehicles.<\/p>\n                    <p><strong style=\"font-size: 120%;\">1 hh &#8211; 69 \u20ac<\/strong><\/p>\n                    <p><strong style=\"font-size: 120%;\">2 hh &#8211; 85 \u20ac<\/strong><\/p>\n                    <p><strong style=\"font-size: 120%;\">3 hh &#8211; 109 \u20ac\ufeff<\/strong><\/p>\n                    <p><strong style=\"font-size: 120%;\">4hh &#8211; 139 \u20ac<\/strong><\/p>\n                    <p><strong style=\"font-size: 120%;\">Apartment 149 \u20ac<\/strong><\/p>\n                  <\/div>\n                <\/div>\n              <\/div>\n            <\/div>\n          <\/div>\n          <div class=\"h-column h-column-container d-flex h-col-lg-auto h-col-md-auto h-col-auto style-1722-outer style-local-7003-c10-outer\">\n            <div data-colibri-id=\"7003-c10\" class=\"d-flex h-flex-basis h-column__inner h-ui-empty-state-container h-px-lg-2 h-px-md-2 h-px-2 v-inner-lg-2 v-inner-md-2 v-inner-2 style-1722 style-local-7003-c10 position-relative\">\n              <!---->\n              <!---->\n              <div class=\"w-100 h-y-container h-column__content h-column__v-align flex-basis-100\">\n                <!---->\n              <\/div>\n            <\/div>\n          <\/div>\n        <\/div>\n      <\/div>\n    <\/div>\n  <\/div>\n  <div data-colibri-component=\"section\" data-colibri-id=\"7003-c11\" id=\"custom-2\" class=\"h-section h-section-global-spacing d-flex align-items-lg-center align-items-md-center align-items-center style-1723 style-local-7003-c11 position-relative\">\n    <div class=\"background-wrapper\">\n      <div class=\"background-layer background-layer-media-container-lg\">\n        <!---->\n        <div class=\"overlay-layer\">\n          <div class=\"overlay-image-layer\" style=\"background-color: rgba(10, 90, 67, 0.62); opacity: 0.5;\"><\/div>\n        <\/div>\n      <\/div>\n      <div class=\"background-layer background-layer-media-container-md\">\n        <!---->\n        <div class=\"overlay-layer\">\n          <div class=\"overlay-image-layer\" style=\"background-color: rgba(10, 90, 67, 0.62); opacity: 0.5;\"><\/div>\n        <\/div>\n      <\/div>\n      <div class=\"background-layer background-layer-media-container\">\n        <!---->\n        <div class=\"overlay-layer\">\n          <div class=\"overlay-image-layer\" style=\"background-color: rgba(10, 90, 67, 0.62); opacity: 0.5;\"><\/div>\n        <\/div>\n      <\/div>\n    <\/div>\n    <!---->\n    <div class=\"h-section-grid-container h-section-boxed-container\">\n      <!---->\n      <div data-colibri-id=\"7003-c12\" class=\"h-row-container gutters-row-lg-2 gutters-row-md-2 gutters-row-0 gutters-row-v-lg-2 gutters-row-v-md-2 gutters-row-v-2 style-1724 style-local-7003-c12 position-relative\">\n        <!---->\n        <div class=\"h-row justify-content-lg-center justify-content-md-center justify-content-center align-items-lg-stretch align-items-md-stretch align-items-stretch gutters-col-lg-2 gutters-col-md-2 gutters-col-0 gutters-col-v-lg-2 gutters-col-v-md-2 gutters-col-v-2\">\n          <!---->\n          <div class=\"h-column h-column-container d-flex h-col-lg-auto h-col-md-auto h-col-auto style-1725-outer style-local-7003-c13-outer\">\n            <div data-colibri-id=\"7003-c13\" class=\"d-flex h-flex-basis h-column__inner h-px-lg-2 h-px-md-2 h-px-2 v-inner-lg-2 v-inner-md-2 v-inner-2 style-1725 style-local-7003-c13 position-relative\">\n              <!---->\n              <!---->\n              <div class=\"w-100 h-y-container h-column__content h-column__v-align flex-basis-100 align-self-lg-start align-self-md-start align-self-start\">\n                <!---->\n                <div data-colibri-id=\"7003-c14\" class=\"h-global-transition-all h-heading style-1729 style-local-7003-c14 position-relative h-element\">\n                  <!---->\n                  <div class=\"h-heading__outer style-1729 style-local-7003-c14\">\n                    <!---->\n                    <!---->\n                    <h2 class=\"\">Reservations<\/h2>\n                  <\/div>\n                <\/div>\n                <div data-colibri-id=\"7003-c15\" class=\"h-text h-text-component style-1726 style-local-7003-c15 position-relative h-element\">\n                  <!---->\n                  <!---->\n                  <div class=\"\">\n                    <p>\n                      <a href=\"mailto:myynti@hotellikajaani.fi\" target=\"_blank\">myynti@hotellikajaani.fi<\/a>\n                      <br>\n                      <a href=\"tel:+358417301452\">+358 (0) 41 730 1452<\/a>\n                    <\/p>\n                  <\/div>\n                <\/div>\n                <div data-colibri-id=\"7003-c16\" class=\"h-x-container style-1730 style-local-7003-c16 position-relative h-element\">\n                  <!---->\n                  <div class=\"h-x-container-inner style-dynamic-7003-c16-group style-1730-spacing style-local-7003-c16-spacing\"><span class=\"h-button__outer style-1731-outer style-local-7003-c17-outer d-inline-flex h-element\"><a h-use-smooth-scroll=\"true\" href=\"https:\/\/hotellikajaani.fi\/en\/contact\/\"  data-colibri-id=\"7003-c17\" class=\"d-flex w-100 align-items-center h-button justify-content-lg-center justify-content-md-center justify-content-center style-1731 style-local-7003-c17 position-relative\"><!----><!----> <span>Contact<\/span><\/a>\n                    <\/span>\n                  <\/div>\n                <\/div>\n              <\/div>\n            <\/div>\n          <\/div>\n        <\/div>\n      <\/div>\n    <\/div>\n  <\/div>\n<\/div>","protected":false},"excerpt":{"rendered":"<p>Offer for sports groups over 10 persons \/ night Prices include accommodation, a hearty breakfast, evening sauna, internet access and parking for vehicles. 1 hh &#8211; 69 \u20ac 2 hh &#8211; 85 \u20ac 3 hh &#8211; 109 \u20ac\ufeff 4hh &#8211; 139 \u20ac Apartment 149 \u20ac Reservations myynti@hotellikajaani.fi +358 (0) 41 730 1452 Contact<\/p>\n","protected":false},"author":1,"featured_media":0,"parent":0,"menu_order":0,"comment_status":"closed","ping_status":"closed","template":"page-templates\/full-width-page.php","meta":{"footnotes":""},"class_list":["post-7003","page","type-page","status-publish","hentry"],"yoast_head":"<!-- This site is optimized with the Yoast SEO plugin v27.4 - https:\/\/yoast.com\/product\/yoast-seo-wordpress\/ -->\n<title>Sports teams - Hotelli Kajaani<\/title>\n<meta name=\"description\" content=\"We can accommodate you with a large group. Ask for an offer for sports teams and stay in comfort. Sports teams - Hotel Kajaani\" \/>\n<meta name=\"robots\" content=\"index, follow, max-snippet:-1, max-image-preview:large, max-video-preview:-1\" \/>\n<link rel=\"canonical\" href=\"https:\/\/hotellikajaani.fi\/en\/sports-teams\/\" \/>\n<meta property=\"og:locale\" content=\"en_US\" \/>\n<meta property=\"og:type\" content=\"article\" \/>\n<meta property=\"og:title\" content=\"Sports teams - Hotelli Kajaani\" \/>\n<meta property=\"og:description\" content=\"We can accommodate you with a large group. Ask for an offer for sports teams and stay in comfort. Sports teams - Hotel Kajaani\" \/>\n<meta property=\"og:url\" content=\"https:\/\/hotellikajaani.fi\/en\/sports-teams\/\" \/>\n<meta property=\"og:site_name\" content=\"Hotelli Kajaani\" \/>\n<meta property=\"article:modified_time\" content=\"2025-11-06T17:15:52+00:00\" \/>\n<meta name=\"twitter:card\" content=\"summary_large_image\" \/>\n<script type=\"application\/ld+json\" class=\"yoast-schema-graph\">{\"@context\":\"https:\\\/\\\/schema.org\",\"@graph\":[{\"@type\":\"WebPage\",\"@id\":\"https:\\\/\\\/hotellikajaani.fi\\\/en\\\/sports-teams\\\/\",\"url\":\"https:\\\/\\\/hotellikajaani.fi\\\/en\\\/sports-teams\\\/\",\"name\":\"Sports teams - Hotelli Kajaani\",\"isPartOf\":{\"@id\":\"https:\\\/\\\/hotellikajaani.fi\\\/#website\"},\"datePublished\":\"2023-03-14T13:50:28+00:00\",\"dateModified\":\"2025-11-06T17:15:52+00:00\",\"description\":\"We can accommodate you with a large group. Ask for an offer for sports teams and stay in comfort. Sports teams - Hotel Kajaani\",\"breadcrumb\":{\"@id\":\"https:\\\/\\\/hotellikajaani.fi\\\/en\\\/sports-teams\\\/#breadcrumb\"},\"inLanguage\":\"en-US\",\"potentialAction\":[{\"@type\":\"ReadAction\",\"target\":[\"https:\\\/\\\/hotellikajaani.fi\\\/en\\\/sports-teams\\\/\"]}]},{\"@type\":\"BreadcrumbList\",\"@id\":\"https:\\\/\\\/hotellikajaani.fi\\\/en\\\/sports-teams\\\/#breadcrumb\",\"itemListElement\":[{\"@type\":\"ListItem\",\"position\":1,\"name\":\"Etusivu\",\"item\":\"https:\\\/\\\/hotellikajaani.fi\\\/en\\\/\"},{\"@type\":\"ListItem\",\"position\":2,\"name\":\"Sports teams\"}]},{\"@type\":\"WebSite\",\"@id\":\"https:\\\/\\\/hotellikajaani.fi\\\/#website\",\"url\":\"https:\\\/\\\/hotellikajaani.fi\\\/\",\"name\":\"Hotelli Kajaani\",\"description\":\"Pohjoisen l\u00e4mp\u00f6\u00e4 Hotelli Kajaanissa. Kajaanin oma nimikkohotelli palvelee ty\u00f6- ja vapaa-ajan matkustajia rauhoittavien luontomaisemien \u00e4\u00e4rell\u00e4.\",\"publisher\":{\"@id\":\"https:\\\/\\\/hotellikajaani.fi\\\/#organization\"},\"potentialAction\":[{\"@type\":\"SearchAction\",\"target\":{\"@type\":\"EntryPoint\",\"urlTemplate\":\"https:\\\/\\\/hotellikajaani.fi\\\/?s={search_term_string}\"},\"query-input\":{\"@type\":\"PropertyValueSpecification\",\"valueRequired\":true,\"valueName\":\"search_term_string\"}}],\"inLanguage\":\"en-US\"},{\"@type\":\"Organization\",\"@id\":\"https:\\\/\\\/hotellikajaani.fi\\\/#organization\",\"name\":\"Hotelli Kajaani\",\"url\":\"https:\\\/\\\/hotellikajaani.fi\\\/\",\"logo\":{\"@type\":\"ImageObject\",\"inLanguage\":\"en-US\",\"@id\":\"https:\\\/\\\/hotellikajaani.fi\\\/#\\\/schema\\\/logo\\\/image\\\/\",\"url\":\"https:\\\/\\\/hotellikajaani.fi\\\/wp-content\\\/uploads\\\/2023\\\/03\\\/logo_valk.png\",\"contentUrl\":\"https:\\\/\\\/hotellikajaani.fi\\\/wp-content\\\/uploads\\\/2023\\\/03\\\/logo_valk.png\",\"width\":1233,\"height\":229,\"caption\":\"Hotelli Kajaani\"},\"image\":{\"@id\":\"https:\\\/\\\/hotellikajaani.fi\\\/#\\\/schema\\\/logo\\\/image\\\/\"}}]}<\/script>\n<!-- \/ Yoast SEO plugin. -->","yoast_head_json":{"title":"Sports teams - Hotelli Kajaani","description":"We can accommodate you with a large group. Ask for an offer for sports teams and stay in comfort. Sports teams - Hotel Kajaani","robots":{"index":"index","follow":"follow","max-snippet":"max-snippet:-1","max-image-preview":"max-image-preview:large","max-video-preview":"max-video-preview:-1"},"canonical":"https:\/\/hotellikajaani.fi\/en\/sports-teams\/","og_locale":"en_US","og_type":"article","og_title":"Sports teams - Hotelli Kajaani","og_description":"We can accommodate you with a large group. Ask for an offer for sports teams and stay in comfort. Sports teams - Hotel Kajaani","og_url":"https:\/\/hotellikajaani.fi\/en\/sports-teams\/","og_site_name":"Hotelli Kajaani","article_modified_time":"2025-11-06T17:15:52+00:00","twitter_card":"summary_large_image","schema":{"@context":"https:\/\/schema.org","@graph":[{"@type":"WebPage","@id":"https:\/\/hotellikajaani.fi\/en\/sports-teams\/","url":"https:\/\/hotellikajaani.fi\/en\/sports-teams\/","name":"Sports teams - Hotelli Kajaani","isPartOf":{"@id":"https:\/\/hotellikajaani.fi\/#website"},"datePublished":"2023-03-14T13:50:28+00:00","dateModified":"2025-11-06T17:15:52+00:00","description":"We can accommodate you with a large group. Ask for an offer for sports teams and stay in comfort. Sports teams - Hotel Kajaani","breadcrumb":{"@id":"https:\/\/hotellikajaani.fi\/en\/sports-teams\/#breadcrumb"},"inLanguage":"en-US","potentialAction":[{"@type":"ReadAction","target":["https:\/\/hotellikajaani.fi\/en\/sports-teams\/"]}]},{"@type":"BreadcrumbList","@id":"https:\/\/hotellikajaani.fi\/en\/sports-teams\/#breadcrumb","itemListElement":[{"@type":"ListItem","position":1,"name":"Etusivu","item":"https:\/\/hotellikajaani.fi\/en\/"},{"@type":"ListItem","position":2,"name":"Sports teams"}]},{"@type":"WebSite","@id":"https:\/\/hotellikajaani.fi\/#website","url":"https:\/\/hotellikajaani.fi\/","name":"Hotelli Kajaani","description":"Pohjoisen l\u00e4mp\u00f6\u00e4 Hotelli Kajaanissa. Kajaanin oma nimikkohotelli palvelee ty\u00f6- ja vapaa-ajan matkustajia rauhoittavien luontomaisemien \u00e4\u00e4rell\u00e4.","publisher":{"@id":"https:\/\/hotellikajaani.fi\/#organization"},"potentialAction":[{"@type":"SearchAction","target":{"@type":"EntryPoint","urlTemplate":"https:\/\/hotellikajaani.fi\/?s={search_term_string}"},"query-input":{"@type":"PropertyValueSpecification","valueRequired":true,"valueName":"search_term_string"}}],"inLanguage":"en-US"},{"@type":"Organization","@id":"https:\/\/hotellikajaani.fi\/#organization","name":"Hotelli Kajaani","url":"https:\/\/hotellikajaani.fi\/","logo":{"@type":"ImageObject","inLanguage":"en-US","@id":"https:\/\/hotellikajaani.fi\/#\/schema\/logo\/image\/","url":"https:\/\/hotellikajaani.fi\/wp-content\/uploads\/2023\/03\/logo_valk.png","contentUrl":"https:\/\/hotellikajaani.fi\/wp-content\/uploads\/2023\/03\/logo_valk.png","width":1233,"height":229,"caption":"Hotelli Kajaani"},"image":{"@id":"https:\/\/hotellikajaani.fi\/#\/schema\/logo\/image\/"}}]}},"_links":{"self":[{"href":"https:\/\/hotellikajaani.fi\/en\/wp-json\/wp\/v2\/pages\/7003","targetHints":{"allow":["GET"]}}],"collection":[{"href":"https:\/\/hotellikajaani.fi\/en\/wp-json\/wp\/v2\/pages"}],"about":[{"href":"https:\/\/hotellikajaani.fi\/en\/wp-json\/wp\/v2\/types\/page"}],"author":[{"embeddable":true,"href":"https:\/\/hotellikajaani.fi\/en\/wp-json\/wp\/v2\/users\/1"}],"replies":[{"embeddable":true,"href":"https:\/\/hotellikajaani.fi\/en\/wp-json\/wp\/v2\/comments?post=7003"}],"version-history":[{"count":8,"href":"https:\/\/hotellikajaani.fi\/en\/wp-json\/wp\/v2\/pages\/7003\/revisions"}],"predecessor-version":[{"id":24278,"href":"https:\/\/hotellikajaani.fi\/en\/wp-json\/wp\/v2\/pages\/7003\/revisions\/24278"}],"wp:attachment":[{"href":"https:\/\/hotellikajaani.fi\/en\/wp-json\/wp\/v2\/media?parent=7003"}],"curies":[{"name":"wp","href":"https:\/\/api.w.org\/{rel}","templated":true}]}}